{"id":3103,"date":"2025-11-05T21:53:02","date_gmt":"2025-11-06T00:53:02","guid":{"rendered":"https:\/\/tecnolubrificantes.com.br\/?post_type=product&#038;p=3103"},"modified":"2026-01-26T08:33:42","modified_gmt":"2026-01-26T11:33:42","slug":"tecno-prot-s-a-2","status":"publish","type":"product","link":"https:\/\/tecnolubrificantes.com.br\/?product=tecno-prot-s-a-2","title":{"rendered":"TECNO PROT S-A"},"content":{"rendered":"<p><strong>Entrega R\u00e1pida:<\/strong>\u00a0Para clientes em Belo Horizonte e regi\u00e3o metropolitana, o frete \u00e9 gratuito! Entregamos em at\u00e9 3 dias<\/p>\n<p><strong>Frete para Outras Localidades:<\/strong>\u00a0Para entregas em outras localidades, entre em contato conosco para discutir as op\u00e7\u00f5es de frete dispon\u00edveis.<\/p>\n<p><strong>Op\u00e7\u00f5es de Pagamento:\u00a0<\/strong>PIX, Cart\u00e3o de Cr\u00e9dito ou Boleto Banc\u00e1rio<\/p>\n<p>&nbsp;<\/p>\n","protected":false},"excerpt":{"rendered":"<p data-start=\"89\" data-end=\"250\"><strong data-start=\"89\" data-end=\"142\">\u00d3leo protetivo anticorrosivo de pel\u00edcula secativa<\/strong>, indicado para <strong data-start=\"158\" data-end=\"212\">prote\u00e7\u00e3o tempor\u00e1ria de pe\u00e7as met\u00e1licas industriais<\/strong> em ambientes <strong data-start=\"226\" data-end=\"249\">internos e externos<\/strong>.<\/p>\n<p data-start=\"252\" data-end=\"644\">Aplicado <strong data-start=\"261\" data-end=\"326\">a frio por gotejamento, pincelamento, imers\u00e3o ou pulveriza\u00e7\u00e3o<\/strong>, forma uma <strong data-start=\"338\" data-end=\"364\">pel\u00edcula seca aderente<\/strong>, com <strong data-start=\"370\" data-end=\"391\">baixa viscosidade<\/strong> para f\u00e1cil penetra\u00e7\u00e3o em geometrias complexas. Proporciona <strong data-start=\"451\" data-end=\"504\">prote\u00e7\u00e3o m\u00e9dia de at\u00e9 6 meses em ambiente fechado<\/strong> e <strong data-start=\"507\" data-end=\"549\">at\u00e9 1 m\u00eas quando exposto a intemp\u00e9ries<\/strong>. Dispon\u00edvel nas vers\u00f5es <strong data-start=\"574\" data-end=\"605\">PROT S, PROT S-A e PROT S-V<\/strong><\/p>\n","protected":false},"featured_media":3175,"template":"","meta":{"_joinchat":[]},"product_brand":[],"product_cat":[16,27],"product_tag":[],"class_list":{"0":"post-3103","1":"product","2":"type-product","3":"status-publish","4":"has-post-thumbnail","6":"product_cat-produtos","7":"product_cat-protetivos","9":"first","10":"instock","11":"shipping-taxable","12":"product-type-simple"},"_links":{"self":[{"href":"https:\/\/tecnolubrificantes.com.br\/index.php?rest_route=\/wp\/v2\/product\/3103","targetHints":{"allow":["GET"]}}],"collection":[{"href":"https:\/\/tecnolubrificantes.com.br\/index.php?rest_route=\/wp\/v2\/product"}],"about":[{"href":"https:\/\/tecnolubrificantes.com.br\/index.php?rest_route=\/wp\/v2\/types\/product"}],"version-history":[{"count":2,"href":"https:\/\/tecnolubrificantes.com.br\/index.php?rest_route=\/wp\/v2\/product\/3103\/revisions"}],"predecessor-version":[{"id":3323,"href":"https:\/\/tecnolubrificantes.com.br\/index.php?rest_route=\/wp\/v2\/product\/3103\/revisions\/3323"}],"wp:featuredmedia":[{"embeddable":true,"href":"https:\/\/tecnolubrificantes.com.br\/index.php?rest_route=\/wp\/v2\/media\/3175"}],"wp:attachment":[{"href":"https:\/\/tecnolubrificantes.com.br\/index.php?rest_route=%2Fwp%2Fv2%2Fmedia&parent=3103"}],"wp:term":[{"taxonomy":"product_brand","embeddable":true,"href":"https:\/\/tecnolubrificantes.com.br\/index.php?rest_route=%2Fwp%2Fv2%2Fproduct_brand&post=3103"},{"taxonomy":"product_cat","embeddable":true,"href":"https:\/\/tecnolubrificantes.com.br\/index.php?rest_route=%2Fwp%2Fv2%2Fproduct_cat&post=3103"},{"taxonomy":"product_tag","embeddable":true,"href":"https:\/\/tecnolubrificantes.com.br\/index.php?rest_route=%2Fwp%2Fv2%2Fproduct_tag&post=3103"}],"curies":[{"name":"wp","href":"https:\/\/api.w.org\/{rel}","templated":true}]}}