{"id":1256,"date":"2025-08-11T14:53:17","date_gmt":"2025-08-11T17:53:17","guid":{"rendered":"https:\/\/tecnolubrificantes.com.br\/?post_type=product&#038;p=1256"},"modified":"2026-01-26T08:28:36","modified_gmt":"2026-01-26T11:28:36","slug":"1256","status":"publish","type":"product","link":"https:\/\/tecnolubrificantes.com.br\/?product=1256","title":{"rendered":"TECNO SOL\u00daVEL CUT SSD"},"content":{"rendered":"<p><strong>Entrega R\u00e1pida:<\/strong> Para clientes em Belo Horizonte e regi\u00e3o metropolitana, o frete \u00e9 gratuito! Entregamos em at\u00e9 3 dias<\/p>\n<p><strong>Frete para Outras Localidades:<\/strong> Para entregas em outras localidades, entre em contato conosco para discutir as op\u00e7\u00f5es de frete dispon\u00edveis.<\/p>\n<p><strong>Op\u00e7\u00f5es de Pagamento:\u00a0<\/strong>PIX, Cart\u00e3o de Cr\u00e9dito ou Boleto Banc\u00e1rio<\/p>\n","protected":false},"excerpt":{"rendered":"<p data-start=\"85\" data-end=\"227\"><strong data-start=\"85\" data-end=\"135\">Fluido de usinagem semissint\u00e9tico tipo emuls\u00e3o<\/strong>, bioest\u00e1vel e multiaditivado, indicado para <strong data-start=\"180\" data-end=\"226\">usinagem de metais ferrosos e n\u00e3o ferrosos<\/strong>.<\/p>\n<p data-start=\"229\" data-end=\"617\">Aplic\u00e1vel em <strong data-start=\"242\" data-end=\"335\">ret\u00edficas, tornos, fresadoras, CNCs e sistemas circulat\u00f3rios individuais ou centralizados<\/strong>, oferece <strong data-start=\"345\" data-end=\"434\">boa refrigera\u00e7\u00e3o, prote\u00e7\u00e3o anticorrosiva e excelente resist\u00eancia a fungos e bact\u00e9rias<\/strong>, prolongando a vida \u00fatil da solu\u00e7\u00e3o e do ferramental.<br data-start=\"488\" data-end=\"491\" \/>Dilui\u00e7\u00e3o t\u00edpica de <strong data-start=\"510\" data-end=\"529\">3% a 5% em \u00e1gua<\/strong>, conforme o material e a necessidade de prote\u00e7\u00e3o.<\/p>\n","protected":false},"featured_media":3204,"template":"","meta":{"_joinchat":[]},"product_brand":[],"product_cat":[23],"product_tag":[],"class_list":{"0":"post-1256","1":"product","2":"type-product","3":"status-publish","4":"has-post-thumbnail","6":"product_cat-fluidos-de-corte","8":"first","9":"instock","10":"shipping-taxable","11":"product-type-simple"},"_links":{"self":[{"href":"https:\/\/tecnolubrificantes.com.br\/index.php?rest_route=\/wp\/v2\/product\/1256","targetHints":{"allow":["GET"]}}],"collection":[{"href":"https:\/\/tecnolubrificantes.com.br\/index.php?rest_route=\/wp\/v2\/product"}],"about":[{"href":"https:\/\/tecnolubrificantes.com.br\/index.php?rest_route=\/wp\/v2\/types\/product"}],"version-history":[{"count":3,"href":"https:\/\/tecnolubrificantes.com.br\/index.php?rest_route=\/wp\/v2\/product\/1256\/revisions"}],"predecessor-version":[{"id":3318,"href":"https:\/\/tecnolubrificantes.com.br\/index.php?rest_route=\/wp\/v2\/product\/1256\/revisions\/3318"}],"wp:featuredmedia":[{"embeddable":true,"href":"https:\/\/tecnolubrificantes.com.br\/index.php?rest_route=\/wp\/v2\/media\/3204"}],"wp:attachment":[{"href":"https:\/\/tecnolubrificantes.com.br\/index.php?rest_route=%2Fwp%2Fv2%2Fmedia&parent=1256"}],"wp:term":[{"taxonomy":"product_brand","embeddable":true,"href":"https:\/\/tecnolubrificantes.com.br\/index.php?rest_route=%2Fwp%2Fv2%2Fproduct_brand&post=1256"},{"taxonomy":"product_cat","embeddable":true,"href":"https:\/\/tecnolubrificantes.com.br\/index.php?rest_route=%2Fwp%2Fv2%2Fproduct_cat&post=1256"},{"taxonomy":"product_tag","embeddable":true,"href":"https:\/\/tecnolubrificantes.com.br\/index.php?rest_route=%2Fwp%2Fv2%2Fproduct_tag&post=1256"}],"curies":[{"name":"wp","href":"https:\/\/api.w.org\/{rel}","templated":true}]}}