{"id":21,"date":"2024-04-09T17:51:55","date_gmt":"2024-04-09T20:51:55","guid":{"rendered":"https:\/\/tecnolubrificantes.com.br\/?page_id=21"},"modified":"2025-09-16T12:04:14","modified_gmt":"2025-09-16T15:04:14","slug":"certificacoes","status":"publish","type":"page","link":"https:\/\/tecnolubrificantes.com.br\/?page_id=21","title":{"rendered":"Certifica\u00e7\u00f5es"},"content":{"rendered":"\t\t<div data-elementor-type=\"wp-page\" data-elementor-id=\"21\" class=\"elementor elementor-21\" data-elementor-post-type=\"page\">\n\t\t\t\t<div class=\"elementor-element elementor-element-d45831e e-flex e-con-boxed e-con e-parent\" data-id=\"d45831e\" data-element_type=\"container\" data-e-type=\"container\" data-settings=\"{&quot;background_background&quot;:&quot;classic&quot;}\">\n\t\t\t\t\t<div class=\"e-con-inner\">\n\t\t\t\t<div class=\"elementor-element elementor-element-08e4849 elementor-widget elementor-widget-heading\" data-id=\"08e4849\" data-element_type=\"widget\" data-e-type=\"widget\" data-widget_type=\"heading.default\">\n\t\t\t\t<div class=\"elementor-widget-container\">\n\t\t\t\t\t<h2 class=\"elementor-heading-title elementor-size-default\">Certifica\u00e7\u00f5es &amp; Qualidade<\/h2>\t\t\t\t<\/div>\n\t\t\t\t<\/div>\n\t\t\t\t<div class=\"elementor-element elementor-element-c28e567 elementor-widget elementor-widget-text-editor\" data-id=\"c28e567\" data-element_type=\"widget\" data-e-type=\"widget\" data-widget_type=\"text-editor.default\">\n\t\t\t\t<div class=\"elementor-widget-container\">\n\t\t\t\t\t\t\t\t\t<p>A Tecno Lubrificantes atua sob r\u00edgidos padr\u00f5es de qualidade, seguran\u00e7a e sustentabilidade, garantindo que cada produto entregue ao mercado esteja em conformidade com as normas mais exigentes. Nossos processos s\u00e3o auditados e certificados, assegurando rastreabilidade e confiabilidade em cada etapa \u2014 da formula\u00e7\u00e3o ao fornecimento final.<\/p>\t\t\t\t\t\t\t\t<\/div>\n\t\t\t\t<\/div>\n\t\t\t\t\t<\/div>\n\t\t\t\t<\/div>\n\t\t<div class=\"elementor-element elementor-element-f8436bc e-flex e-con-boxed e-con e-parent\" data-id=\"f8436bc\" data-element_type=\"container\" data-e-type=\"container\">\n\t\t\t\t\t<div class=\"e-con-inner\">\n\t\t\t\t<div class=\"elementor-element elementor-element-1867e30 elementor-widget elementor-widget-heading\" data-id=\"1867e30\" data-element_type=\"widget\" data-e-type=\"widget\" data-widget_type=\"heading.default\">\n\t\t\t\t<div class=\"elementor-widget-container\">\n\t\t\t\t\t<h2 class=\"elementor-heading-title elementor-size-default\">Possu\u00edmos as seguintes certifica\u00e7\u00f5es e autoriza\u00e7\u00f5es:<\/h2>\t\t\t\t<\/div>\n\t\t\t\t<\/div>\n\t\t\t\t<div class=\"elementor-element elementor-element-73c6343 elementor-widget elementor-widget-text-editor\" data-id=\"73c6343\" data-element_type=\"widget\" data-e-type=\"widget\" data-widget_type=\"text-editor.default\">\n\t\t\t\t<div class=\"elementor-widget-container\">\n\t\t\t\t\t\t\t\t\t<p><strong>ISO 9001:2015<\/strong> \u2013 Sistema de Gest\u00e3o da Qualidade certificado, garantindo padroniza\u00e7\u00e3o de processos, melhoria cont\u00ednua e controle rigoroso de produ\u00e7\u00e3o.<\/p><p><strong>Registro ANP n\u00ba 1375<\/strong> \u2013 Autoriza\u00e7\u00e3o da Ag\u00eancia Nacional do Petr\u00f3leo, G\u00e1s Natural e Biocombust\u00edveis para fabrica\u00e7\u00e3o e comercializa\u00e7\u00e3o de lubrificantes.<\/p><p><strong>Licen\u00e7a Ambiental n\u00ba 0033\/18<\/strong> \u2013 Comprova que nossas opera\u00e7\u00f5es seguem todas as normas ambientais vigentes, reduzindo impactos e garantindo sustentabilidade.<\/p><p><strong>IBAMA n\u00ba 4887909<\/strong> \u2013 Registro no Instituto Brasileiro do Meio Ambiente, atestando conformidade ambiental no manuseio de produtos qu\u00edmicos.<\/p><p><strong>Autoriza\u00e7\u00e3o do Ex\u00e9rcito n\u00ba 832027<\/strong> \u2013 Permiss\u00e3o para fabrica\u00e7\u00e3o e com\u00e9rcio de produtos controlados.<\/p><p><strong>Autoriza\u00e7\u00e3o da Pol\u00edcia Federal n\u00ba 2021-00595407<\/strong> \u2013 Certifica\u00e7\u00e3o para armazenamento e comercializa\u00e7\u00e3o de produtos sujeitos a controle especial.<\/p><p><strong>AVCB<\/strong> \u2013 Auto de Vistoria do Corpo de Bombeiros \u2013 Garantia de conformidade das instala\u00e7\u00f5es com as normas de seguran\u00e7a contra inc\u00eandio.<\/p>\t\t\t\t\t\t\t\t<\/div>\n\t\t\t\t<\/div>\n\t\t\t\t<div class=\"elementor-element elementor-element-6ec76e9 elementor-widget elementor-widget-text-editor\" data-id=\"6ec76e9\" data-element_type=\"widget\" data-e-type=\"widget\" data-widget_type=\"text-editor.default\">\n\t\t\t\t<div class=\"elementor-widget-container\">\n\t\t\t\t\t\t\t\t\t<p><span style=\"font-weight: 400;\">Mais do que documentos, essas certifica\u00e7\u00f5es representam o compromisso da Tecno com <\/span><b>qualidade, seguran\u00e7a operacional e responsabilidade ambiental<\/b><span style=\"font-weight: 400;\">, oferecendo tranquilidade para os clientes que exigem desempenho t\u00e9cnico e conformidade regulat\u00f3ria.<\/span><\/p>\t\t\t\t\t\t\t\t<\/div>\n\t\t\t\t<\/div>\n\t\t\t\t\t<\/div>\n\t\t\t\t<\/div>\n\t\t\t\t<\/div>\n\t\t","protected":false},"excerpt":{"rendered":"<p>Certifica\u00e7\u00f5es &amp; Qualidade A Tecno Lubrificantes atua sob r\u00edgidos padr\u00f5es de qualidade, seguran\u00e7a e sustentabilidade, garantindo que cada produto entregue ao mercado esteja em conformidade com as normas mais exigentes. Nossos processos s\u00e3o auditados e certificados, assegurando rastreabilidade e confiabilidade em cada etapa \u2014 da formula\u00e7\u00e3o ao fornecimento final. Possu\u00edmos as seguintes certifica\u00e7\u00f5es e autoriza\u00e7\u00f5es: [&hellip;]<\/p>\n","protected":false},"author":1,"featured_media":0,"parent":0,"menu_order":0,"comment_status":"closed","ping_status":"closed","template":"elementor_header_footer","meta":{"_joinchat":[],"footnotes":""},"class_list":["post-21","page","type-page","status-publish","hentry"],"_links":{"self":[{"href":"https:\/\/tecnolubrificantes.com.br\/index.php?rest_route=\/wp\/v2\/pages\/21","targetHints":{"allow":["GET"]}}],"collection":[{"href":"https:\/\/tecnolubrificantes.com.br\/index.php?rest_route=\/wp\/v2\/pages"}],"about":[{"href":"https:\/\/tecnolubrificantes.com.br\/index.php?rest_route=\/wp\/v2\/types\/page"}],"author":[{"embeddable":true,"href":"https:\/\/tecnolubrificantes.com.br\/index.php?rest_route=\/wp\/v2\/users\/1"}],"replies":[{"embeddable":true,"href":"https:\/\/tecnolubrificantes.com.br\/index.php?rest_route=%2Fwp%2Fv2%2Fcomments&post=21"}],"version-history":[{"count":38,"href":"https:\/\/tecnolubrificantes.com.br\/index.php?rest_route=\/wp\/v2\/pages\/21\/revisions"}],"predecessor-version":[{"id":2695,"href":"https:\/\/tecnolubrificantes.com.br\/index.php?rest_route=\/wp\/v2\/pages\/21\/revisions\/2695"}],"wp:attachment":[{"href":"https:\/\/tecnolubrificantes.com.br\/index.php?rest_route=%2Fwp%2Fv2%2Fmedia&parent=21"}],"curies":[{"name":"wp","href":"https:\/\/api.w.org\/{rel}","templated":true}]}}