{"id":2093,"date":"2025-09-10T15:10:26","date_gmt":"2025-09-10T18:10:26","guid":{"rendered":"https:\/\/tecnolubrificantes.com.br\/?page_id=2093"},"modified":"2025-10-29T18:25:41","modified_gmt":"2025-10-29T21:25:41","slug":"produto-04-tecno-guia-ng","status":"publish","type":"page","link":"https:\/\/tecnolubrificantes.com.br\/?page_id=2093","title":{"rendered":"PRODUTO 04 &#8211; TECNO GUIA NG"},"content":{"rendered":"\t\t<div data-elementor-type=\"wp-page\" data-elementor-id=\"2093\" class=\"elementor elementor-2093\" data-elementor-post-type=\"page\">\n\t\t\t\t<div class=\"elementor-element elementor-element-7254edf e-flex e-con-boxed e-con e-parent\" data-id=\"7254edf\" data-element_type=\"container\" data-e-type=\"container\">\n\t\t\t\t\t<div class=\"e-con-inner\">\n\t\t<div class=\"elementor-element elementor-element-5a55a1 e-con-full e-flex e-con e-child\" data-id=\"5a55a1\" data-element_type=\"container\" data-e-type=\"container\">\n\t\t<div class=\"elementor-element elementor-element-18df9867 e-con-full e-flex e-con e-child\" data-id=\"18df9867\" data-element_type=\"container\" data-e-type=\"container\">\n\t\t<div class=\"elementor-element elementor-element-75d991f7 e-con-full e-flex e-con e-child\" data-id=\"75d991f7\" data-element_type=\"container\" data-e-type=\"container\">\n\t\t\t\t<div class=\"elementor-element elementor-element-ac28665 elementor-widget elementor-widget-heading\" data-id=\"ac28665\" data-element_type=\"widget\" data-e-type=\"widget\" data-widget_type=\"heading.default\">\n\t\t\t\t<div class=\"elementor-widget-container\">\n\t\t\t\t\t<h2 class=\"elementor-heading-title elementor-size-default\">TECNO GUIA NG<\/h2>\t\t\t\t<\/div>\n\t\t\t\t<\/div>\n\t\t\t\t<div class=\"elementor-element elementor-element-2f0e823b elementor-widget elementor-widget-text-editor\" data-id=\"2f0e823b\" data-element_type=\"widget\" data-e-type=\"widget\" data-widget_type=\"text-editor.default\">\n\t\t\t\t<div class=\"elementor-widget-container\">\n\t\t\t\t\t\t\t\t\t<p><span style=\"font-weight: 400;\">Lubrificante Industrial N\u00e3o Gotejante para Guias e Barramentos Verticais<\/span><\/p>\t\t\t\t\t\t\t\t<\/div>\n\t\t\t\t<\/div>\n\t\t\t\t<div class=\"elementor-element elementor-element-58efb934 elementor-align-justify elementor-widget elementor-widget-button\" data-id=\"58efb934\" data-element_type=\"widget\" data-e-type=\"widget\" data-widget_type=\"button.default\">\n\t\t\t\t<div class=\"elementor-widget-container\">\n\t\t\t\t\t\t\t\t\t<div class=\"elementor-button-wrapper\">\n\t\t\t\t\t<a class=\"elementor-button elementor-button-link elementor-size-sm\" href=\"https:\/\/wa.me\/553134925925?text=Ol%C3%A1%2C%20vim%20do%20seu%20Site%20e%20gostaria%20de%20mais%20informa%C3%A7%C3%B5es%2C%20por%20favor\">\n\t\t\t\t\t\t<span class=\"elementor-button-content-wrapper\">\n\t\t\t\t\t\t\t\t\t<span class=\"elementor-button-text\">SOLICITAR OR\u00c7AMENTO<\/span>\n\t\t\t\t\t<\/span>\n\t\t\t\t\t<\/a>\n\t\t\t\t<\/div>\n\t\t\t\t\t\t\t\t<\/div>\n\t\t\t\t<\/div>\n\t\t\t\t<\/div>\n\t\t\t\t<\/div>\n\t\t<div class=\"elementor-element elementor-element-22271509 e-con-full e-flex e-con e-child\" data-id=\"22271509\" data-element_type=\"container\" data-e-type=\"container\">\n\t\t\t\t<div class=\"elementor-element elementor-element-250390cf elementor-widget elementor-widget-image\" data-id=\"250390cf\" data-element_type=\"widget\" data-e-type=\"widget\" data-widget_type=\"image.default\">\n\t\t\t\t<div class=\"elementor-widget-container\">\n\t\t\t\t\t\t\t\t\t\t\t\t\t\t\t<img fetchpriority=\"high\" decoding=\"async\" width=\"800\" height=\"800\" src=\"https:\/\/tecnolubrificantes.com.br\/wp-content\/uploads\/2025\/09\/GUIA-68-1.png\" class=\"attachment-large size-large wp-image-2733\" alt=\"\" srcset=\"https:\/\/tecnolubrificantes.com.br\/wp-content\/uploads\/2025\/09\/GUIA-68-1.png 1024w, https:\/\/tecnolubrificantes.com.br\/wp-content\/uploads\/2025\/09\/GUIA-68-1-300x300.png 300w, https:\/\/tecnolubrificantes.com.br\/wp-content\/uploads\/2025\/09\/GUIA-68-1-150x150.png 150w, https:\/\/tecnolubrificantes.com.br\/wp-content\/uploads\/2025\/09\/GUIA-68-1-768x768.png 768w, https:\/\/tecnolubrificantes.com.br\/wp-content\/uploads\/2025\/09\/GUIA-68-1-600x600.png 600w, https:\/\/tecnolubrificantes.com.br\/wp-content\/uploads\/2025\/09\/GUIA-68-1-100x100.png 100w\" sizes=\"(max-width: 800px) 100vw, 800px\" \/>\t\t\t\t\t\t\t\t\t\t\t\t\t\t\t<\/div>\n\t\t\t\t<\/div>\n\t\t\t\t<\/div>\n\t\t\t\t<\/div>\n\t\t<div class=\"elementor-element elementor-element-7c681194 e-con-full e-flex e-con e-child\" data-id=\"7c681194\" data-element_type=\"container\" data-e-type=\"container\">\n\t\t\t\t<div class=\"elementor-element elementor-element-577de060 elementor-widget-divider--view-line elementor-widget elementor-widget-divider\" data-id=\"577de060\" data-element_type=\"widget\" data-e-type=\"widget\" data-widget_type=\"divider.default\">\n\t\t\t\t<div class=\"elementor-widget-container\">\n\t\t\t\t\t\t\t<div class=\"elementor-divider\">\n\t\t\t<span class=\"elementor-divider-separator\">\n\t\t\t\t\t\t<\/span>\n\t\t<\/div>\n\t\t\t\t\t\t<\/div>\n\t\t\t\t<\/div>\n\t\t\t\t<\/div>\n\t\t<div class=\"elementor-element elementor-element-5f7585bb e-con-full e-flex e-con e-child\" data-id=\"5f7585bb\" data-element_type=\"container\" data-e-type=\"container\">\n\t\t\t\t<div class=\"elementor-element elementor-element-31c2b0d3 elementor-widget elementor-widget-heading\" data-id=\"31c2b0d3\" data-element_type=\"widget\" data-e-type=\"widget\" data-widget_type=\"heading.default\">\n\t\t\t\t<div class=\"elementor-widget-container\">\n\t\t\t\t\t<h2 class=\"elementor-heading-title elementor-size-default\">Por que usar TECNO GUIA NG<\/h2>\t\t\t\t<\/div>\n\t\t\t\t<\/div>\n\t\t\t\t<div class=\"elementor-element elementor-element-77ddb962 elementor-widget elementor-widget-text-editor\" data-id=\"77ddb962\" data-element_type=\"widget\" data-e-type=\"widget\" data-widget_type=\"text-editor.default\">\n\t\t\t\t<div class=\"elementor-widget-container\">\n\t\t\t\t\t\t\t\t\t<p><span style=\"font-weight: 400;\">Em sistemas com guias e barramentos verticais, o uso de lubrificantes inadequados pode resultar em gotejamento, desperd\u00edcio de produto e falhas de lubrifica\u00e7\u00e3o, comprometendo a precis\u00e3o e a efici\u00eancia do processo.<\/span><span style=\"font-weight: 400;\"><br \/><br \/><\/span><\/p><p dir=\"ltr\" style=\"line-height: 1.38; margin-top: 12pt; margin-bottom: 12pt;\"><b>TECNO GUIA NG<\/b><span style=\"font-weight: 400;\"> foi desenvolvido para garantir <\/span><b>lubrifica\u00e7\u00e3o precisa, ader\u00eancia est\u00e1vel e opera\u00e7\u00e3o limpa<\/b><span style=\"font-weight: 400;\">, evitando escorrimentos e perdas de lubrificante.<\/span><\/p>\t\t\t\t\t\t\t\t<\/div>\n\t\t\t\t<\/div>\n\t\t\t\t<\/div>\n\t\t\t\t<div class=\"elementor-element elementor-element-00b1fdd elementor-widget-divider--view-line elementor-widget elementor-widget-divider\" data-id=\"00b1fdd\" data-element_type=\"widget\" data-e-type=\"widget\" data-widget_type=\"divider.default\">\n\t\t\t\t<div class=\"elementor-widget-container\">\n\t\t\t\t\t\t\t<div class=\"elementor-divider\">\n\t\t\t<span class=\"elementor-divider-separator\">\n\t\t\t\t\t\t<\/span>\n\t\t<\/div>\n\t\t\t\t\t\t<\/div>\n\t\t\t\t<\/div>\n\t\t\t\t\t<\/div>\n\t\t\t\t<\/div>\n\t\t<div class=\"elementor-element elementor-element-311cb00a e-flex e-con-boxed e-con e-parent\" data-id=\"311cb00a\" data-element_type=\"container\" data-e-type=\"container\">\n\t\t\t\t\t<div class=\"e-con-inner\">\n\t\t\t\t<div class=\"elementor-element elementor-element-5bdc1a91 elementor-widget elementor-widget-heading\" data-id=\"5bdc1a91\" data-element_type=\"widget\" data-e-type=\"widget\" data-widget_type=\"heading.default\">\n\t\t\t\t<div class=\"elementor-widget-container\">\n\t\t\t\t\t<h2 class=\"elementor-heading-title elementor-size-default\">Benef\u00edcios T\u00e9cnicos e Operacionais<\/h2>\t\t\t\t<\/div>\n\t\t\t\t<\/div>\n\t\t\t\t<div class=\"elementor-element elementor-element-aad2bce elementor-widget elementor-widget-text-editor\" data-id=\"aad2bce\" data-element_type=\"widget\" data-e-type=\"widget\" data-widget_type=\"text-editor.default\">\n\t\t\t\t<div class=\"elementor-widget-container\">\n\t\t\t\t\t\t\t\t\t<p><strong>N\u00e3o gotejante:<\/strong> permanece no ponto de aplica\u00e7\u00e3o, reduzindo desperd\u00edcio e m\u00e1xima economia.<\/p><p><br \/><strong>Ader\u00eancia superior:<\/strong> forma uma pel\u00edcula consistente que garante movimento suave e resultados precisos.<\/p><p><br \/><strong>Prote\u00e7\u00e3o contra desgaste:<\/strong> reduz atrito, prolongando a vida \u00fatil das guias e maquin\u00e1rios.<\/p><p><br \/><strong>Efici\u00eancia operacional:<\/strong> mant\u00e9m o equipamento limpo e reduz a necessidade de reaplica\u00e7\u00e3o.<\/p>\t\t\t\t\t\t\t\t<\/div>\n\t\t\t\t<\/div>\n\t\t\t\t\t<\/div>\n\t\t\t\t<\/div>\n\t\t<div class=\"elementor-element elementor-element-7c67adf0 e-flex e-con-boxed e-con e-parent\" data-id=\"7c67adf0\" data-element_type=\"container\" data-e-type=\"container\">\n\t\t\t\t\t<div class=\"e-con-inner\">\n\t\t\t\t<div class=\"elementor-element elementor-element-58192e82 elementor-widget-divider--view-line elementor-widget elementor-widget-divider\" data-id=\"58192e82\" data-element_type=\"widget\" data-e-type=\"widget\" data-widget_type=\"divider.default\">\n\t\t\t\t<div class=\"elementor-widget-container\">\n\t\t\t\t\t\t\t<div class=\"elementor-divider\">\n\t\t\t<span class=\"elementor-divider-separator\">\n\t\t\t\t\t\t<\/span>\n\t\t<\/div>\n\t\t\t\t\t\t<\/div>\n\t\t\t\t<\/div>\n\t\t\t\t<div class=\"elementor-element elementor-element-6fa7ff8a elementor-widget elementor-widget-heading\" data-id=\"6fa7ff8a\" data-element_type=\"widget\" data-e-type=\"widget\" data-widget_type=\"heading.default\">\n\t\t\t\t<div class=\"elementor-widget-container\">\n\t\t\t\t\t<h2 class=\"elementor-heading-title elementor-size-default\">Aplica\u00e7\u00f5es Recomendadas<\/h2>\t\t\t\t<\/div>\n\t\t\t\t<\/div>\n\t\t\t\t<div class=\"elementor-element elementor-element-8e49e3f elementor-widget elementor-widget-text-editor\" data-id=\"8e49e3f\" data-element_type=\"widget\" data-e-type=\"widget\" data-widget_type=\"text-editor.default\">\n\t\t\t\t<div class=\"elementor-widget-container\">\n\t\t\t\t\t\t\t\t\t<p><strong>Indicado para:<\/strong><\/p><p>\u00a0<\/p><ul><li style=\"list-style-type: none;\"><ul><li style=\"font-weight: 400;\" aria-level=\"1\"><span style=\"font-weight: 400;\">Guias lineares e barramentos verticais.<\/span><span style=\"font-weight: 400;\"><br \/><br \/><\/span><\/li><li style=\"font-weight: 400;\" aria-level=\"1\"><span style=\"font-weight: 400;\">Equipamentos de precis\u00e3o que exigem lubrifica\u00e7\u00e3o est\u00e1vel.<\/span><span style=\"font-weight: 400;\"><br \/><br \/><\/span><\/li><li style=\"font-weight: 400;\" aria-level=\"1\"><span style=\"font-weight: 400;\">M\u00e1quinas-ferramenta, prensas e sistemas de movimenta\u00e7\u00e3o vertical.<\/span><\/li><\/ul><\/li><\/ul>\t\t\t\t\t\t\t\t<\/div>\n\t\t\t\t<\/div>\n\t\t\t\t<div class=\"elementor-element elementor-element-4aa75a4c elementor-widget-divider--view-line elementor-widget elementor-widget-divider\" data-id=\"4aa75a4c\" data-element_type=\"widget\" data-e-type=\"widget\" data-widget_type=\"divider.default\">\n\t\t\t\t<div class=\"elementor-widget-container\">\n\t\t\t\t\t\t\t<div class=\"elementor-divider\">\n\t\t\t<span class=\"elementor-divider-separator\">\n\t\t\t\t\t\t<\/span>\n\t\t<\/div>\n\t\t\t\t\t\t<\/div>\n\t\t\t\t<\/div>\n\t\t\t\t\t<\/div>\n\t\t\t\t<\/div>\n\t\t<div class=\"elementor-element elementor-element-169fe9e6 e-flex e-con-boxed e-con e-parent\" data-id=\"169fe9e6\" data-element_type=\"container\" data-e-type=\"container\">\n\t\t\t\t\t<div class=\"e-con-inner\">\n\t\t\t\t<div class=\"elementor-element elementor-element-65581d5c elementor-widget elementor-widget-heading\" data-id=\"65581d5c\" data-element_type=\"widget\" data-e-type=\"widget\" data-widget_type=\"heading.default\">\n\t\t\t\t<div class=\"elementor-widget-container\">\n\t\t\t\t\t<h2 class=\"elementor-heading-title elementor-size-default\">Especifica\u00e7\u00f5es T\u00e9cnicas<\/h2>\t\t\t\t<\/div>\n\t\t\t\t<\/div>\n\t\t\t\t<div class=\"elementor-element elementor-element-3775847c elementor-widget elementor-widget-text-editor\" data-id=\"3775847c\" data-element_type=\"widget\" data-e-type=\"widget\" data-widget_type=\"text-editor.default\">\n\t\t\t\t<div class=\"elementor-widget-container\">\n\t\t\t\t\t\t\t\t\t<ul><li style=\"font-weight: 400;\" aria-level=\"1\"><b>Base:<\/b><span style=\"font-weight: 400;\"> lubrificante industrial formulado para n\u00e3o gotejar.<\/span><span style=\"font-weight: 400;\"><br \/><br \/><\/span><\/li><li><b>Varia\u00e7\u00f5es de viscosidade:<\/b><span style=\"font-weight: 400;\"> ISO 32, 46, 68, 100, 150, 220, 320, 460, 680.<\/span><\/li><\/ul>\t\t\t\t\t\t\t\t<\/div>\n\t\t\t\t<\/div>\n\t\t\t\t<div class=\"elementor-element elementor-element-54aa3c01 elementor-widget-divider--view-line elementor-widget elementor-widget-divider\" data-id=\"54aa3c01\" data-element_type=\"widget\" data-e-type=\"widget\" data-widget_type=\"divider.default\">\n\t\t\t\t<div class=\"elementor-widget-container\">\n\t\t\t\t\t\t\t<div class=\"elementor-divider\">\n\t\t\t<span class=\"elementor-divider-separator\">\n\t\t\t\t\t\t<\/span>\n\t\t<\/div>\n\t\t\t\t\t\t<\/div>\n\t\t\t\t<\/div>\n\t\t\t\t\t<\/div>\n\t\t\t\t<\/div>\n\t\t<div class=\"elementor-element elementor-element-19dd6fe1 e-flex e-con-boxed e-con e-parent\" data-id=\"19dd6fe1\" data-element_type=\"container\" data-e-type=\"container\">\n\t\t\t\t\t<div class=\"e-con-inner\">\n\t\t\t\t<div class=\"elementor-element elementor-element-55a11227 elementor-widget elementor-widget-heading\" data-id=\"55a11227\" data-element_type=\"widget\" data-e-type=\"widget\" data-widget_type=\"heading.default\">\n\t\t\t\t<div class=\"elementor-widget-container\">\n\t\t\t\t\t<h2 class=\"elementor-heading-title elementor-size-default\">Qualidade e Confiabilidade<\/h2>\t\t\t\t<\/div>\n\t\t\t\t<\/div>\n\t\t\t\t<div class=\"elementor-element elementor-element-66c45e54 elementor-widget elementor-widget-text-editor\" data-id=\"66c45e54\" data-element_type=\"widget\" data-e-type=\"widget\" data-widget_type=\"text-editor.default\">\n\t\t\t\t<div class=\"elementor-widget-container\">\n\t\t\t\t\t\t\t\t\t<p>Desenvolvido sob rigorosos padr\u00f5es de qualidade, garantindo performance uniforme em diferentes faixas de viscosidade e redu\u00e7\u00e3o de perdas no processo produtivo.<\/p>\t\t\t\t\t\t\t\t<\/div>\n\t\t\t\t<\/div>\n\t\t\t\t<div class=\"elementor-element elementor-element-8b74fae elementor-widget-divider--view-line elementor-widget elementor-widget-divider\" data-id=\"8b74fae\" data-element_type=\"widget\" data-e-type=\"widget\" data-widget_type=\"divider.default\">\n\t\t\t\t<div class=\"elementor-widget-container\">\n\t\t\t\t\t\t\t<div class=\"elementor-divider\">\n\t\t\t<span class=\"elementor-divider-separator\">\n\t\t\t\t\t\t<\/span>\n\t\t<\/div>\n\t\t\t\t\t\t<\/div>\n\t\t\t\t<\/div>\n\t\t\t\t\t<\/div>\n\t\t\t\t<\/div>\n\t\t<div class=\"elementor-element elementor-element-9e112f4 e-flex e-con-boxed e-con e-parent\" data-id=\"9e112f4\" data-element_type=\"container\" data-e-type=\"container\">\n\t\t\t\t\t<div class=\"e-con-inner\">\n\t\t\t\t<div class=\"elementor-element elementor-element-cf91705 elementor-widget elementor-widget-heading\" data-id=\"cf91705\" data-element_type=\"widget\" data-e-type=\"widget\" data-widget_type=\"heading.default\">\n\t\t\t\t<div class=\"elementor-widget-container\">\n\t\t\t\t\t<h2 class=\"elementor-heading-title elementor-size-default\">Resultados que Entregamos<\/h2>\t\t\t\t<\/div>\n\t\t\t\t<\/div>\n\t\t\t\t<div class=\"elementor-element elementor-element-43776e4 elementor-widget elementor-widget-text-editor\" data-id=\"43776e4\" data-element_type=\"widget\" data-e-type=\"widget\" data-widget_type=\"text-editor.default\">\n\t\t\t\t<div class=\"elementor-widget-container\">\n\t\t\t\t\t\t\t\t\t<p><span style=\"font-weight: 400;\">Com TECNO GUIA NG, voc\u00ea obt\u00e9m:<\/span><\/p><ul><li style=\"font-weight: 400;\" aria-level=\"1\"><b>Lubrifica\u00e7\u00e3o limpa e precisa<\/b><span style=\"font-weight: 400;\">, sem gotejamentos.<\/span><span style=\"font-weight: 400;\"><br \/><br \/><\/span><\/li><li style=\"font-weight: 400;\" aria-level=\"1\"><b>Maior durabilidade<\/b><span style=\"font-weight: 400;\"> das guias e barramentos.<\/span><span style=\"font-weight: 400;\"><br \/><br \/><\/span><\/li><li style=\"font-weight: 400;\" aria-level=\"1\"><b>Mais efici\u00eancia<\/b><span style=\"font-weight: 400;\"> na opera\u00e7\u00e3o e menos tempo parado para manuten\u00e7\u00e3o.<\/span><span style=\"font-weight: 400;\"><br \/><br \/><\/span><\/li><\/ul><p><b>Entre em contato para encontrar a viscosidade ideal<\/b><span style=\"font-weight: 400;\"> e potencializar a performance dos seus sistemas de guias e barramentos.<\/span><\/p>\t\t\t\t\t\t\t\t<\/div>\n\t\t\t\t<\/div>\n\t\t\t\t<div class=\"elementor-element elementor-element-72d68ab0 elementor-align-center elementor-widget elementor-widget-button\" data-id=\"72d68ab0\" data-element_type=\"widget\" data-e-type=\"widget\" data-widget_type=\"button.default\">\n\t\t\t\t<div class=\"elementor-widget-container\">\n\t\t\t\t\t\t\t\t\t<div class=\"elementor-button-wrapper\">\n\t\t\t\t\t<a class=\"elementor-button elementor-button-link elementor-size-sm\" href=\"https:\/\/wa.me\/553134925925?text=Ol%C3%A1%2C%20vim%20do%20seu%20Site%20e%20gostaria%20de%20mais%20informa%C3%A7%C3%B5es%2C%20por%20favor\">\n\t\t\t\t\t\t<span class=\"elementor-button-content-wrapper\">\n\t\t\t\t\t\t\t\t\t<span class=\"elementor-button-text\">SOLICITAR OR\u00c7AMENTO<\/span>\n\t\t\t\t\t<\/span>\n\t\t\t\t\t<\/a>\n\t\t\t\t<\/div>\n\t\t\t\t\t\t\t\t<\/div>\n\t\t\t\t<\/div>\n\t\t\t\t\t<\/div>\n\t\t\t\t<\/div>\n\t\t\t\t<\/div>\n\t\t","protected":false},"excerpt":{"rendered":"<p>TECNO GUIA NG Lubrificante Industrial N\u00e3o Gotejante para Guias e Barramentos Verticais SOLICITAR OR\u00c7AMENTO Por que usar TECNO GUIA NG Em sistemas com guias e barramentos verticais, o uso de lubrificantes inadequados pode resultar em gotejamento, desperd\u00edcio de produto e falhas de lubrifica\u00e7\u00e3o, comprometendo a precis\u00e3o e a efici\u00eancia do processo. TECNO GUIA NG foi [&hellip;]<\/p>\n","protected":false},"author":1,"featured_media":0,"parent":0,"menu_order":0,"comment_status":"closed","ping_status":"closed","template":"elementor_header_footer","meta":{"_joinchat":[],"footnotes":""},"class_list":["post-2093","page","type-page","status-publish","hentry"],"_links":{"self":[{"href":"https:\/\/tecnolubrificantes.com.br\/index.php?rest_route=\/wp\/v2\/pages\/2093","targetHints":{"allow":["GET"]}}],"collection":[{"href":"https:\/\/tecnolubrificantes.com.br\/index.php?rest_route=\/wp\/v2\/pages"}],"about":[{"href":"https:\/\/tecnolubrificantes.com.br\/index.php?rest_route=\/wp\/v2\/types\/page"}],"author":[{"embeddable":true,"href":"https:\/\/tecnolubrificantes.com.br\/index.php?rest_route=\/wp\/v2\/users\/1"}],"replies":[{"embeddable":true,"href":"https:\/\/tecnolubrificantes.com.br\/index.php?rest_route=%2Fwp%2Fv2%2Fcomments&post=2093"}],"version-history":[{"count":28,"href":"https:\/\/tecnolubrificantes.com.br\/index.php?rest_route=\/wp\/v2\/pages\/2093\/revisions"}],"predecessor-version":[{"id":3071,"href":"https:\/\/tecnolubrificantes.com.br\/index.php?rest_route=\/wp\/v2\/pages\/2093\/revisions\/3071"}],"wp:attachment":[{"href":"https:\/\/tecnolubrificantes.com.br\/index.php?rest_route=%2Fwp%2Fv2%2Fmedia&parent=2093"}],"curies":[{"name":"wp","href":"https:\/\/api.w.org\/{rel}","templated":true}]}}