{"id":1950,"date":"2025-09-10T07:42:40","date_gmt":"2025-09-10T10:42:40","guid":{"rendered":"https:\/\/tecnolubrificantes.com.br\/?page_id=1950"},"modified":"2025-10-29T18:26:21","modified_gmt":"2025-10-29T21:26:21","slug":"contato","status":"publish","type":"page","link":"https:\/\/tecnolubrificantes.com.br\/?page_id=1950","title":{"rendered":"CONTATO"},"content":{"rendered":"\t\t<div data-elementor-type=\"wp-page\" data-elementor-id=\"1950\" class=\"elementor elementor-1950\" data-elementor-post-type=\"page\">\n\t\t\t\t<div class=\"elementor-element elementor-element-7fce9ad e-flex e-con-boxed e-con e-parent\" data-id=\"7fce9ad\" data-element_type=\"container\" data-e-type=\"container\">\n\t\t\t\t\t<div class=\"e-con-inner\">\n\t\t\t\t<div class=\"elementor-element elementor-element-0a0340a elementor-widget elementor-widget-text-editor\" data-id=\"0a0340a\" data-element_type=\"widget\" data-e-type=\"widget\" data-widget_type=\"text-editor.default\">\n\t\t\t\t<div class=\"elementor-widget-container\">\n\t\t\t\t\t\t\t\t\t<h1><b>Fale Conosco<\/b><\/h1><p><span style=\"font-weight: 400;\">Na Tecno, cada cliente \u00e9 uma prioridade. Nossa equipe est\u00e1 pronta para esclarecer d\u00favidas, indicar o produto ideal e oferecer suporte t\u00e9cnico para o seu processo produtivo. Escolha o canal de atendimento mais conveniente para voc\u00ea e fale diretamente com quem entende de lubrifica\u00e7\u00e3o e produtos qu\u00edmicos industriais.<\/span><\/p><h2><b>Entre em Contato<\/b><\/h2><p><b><img decoding=\"async\" class=\"emoji\" role=\"img\" draggable=\"false\" src=\"https:\/\/s.w.org\/images\/core\/emoji\/16.0.1\/svg\/1f4de.svg\" alt=\"\ud83d\udcde\" \/> Telefone<\/b><\/p><p><span style=\"font-weight: 400;\"> (31) <\/span><span style=\"font-weight: 400;\">3492-5925<\/span><\/p><p><b><img decoding=\"async\" class=\"emoji\" role=\"img\" draggable=\"false\" src=\"https:\/\/s.w.org\/images\/core\/emoji\/16.0.1\/svg\/1f4ac.svg\" alt=\"\ud83d\udcac\" \/> WhatsApp<\/b><b><br \/><\/b><span style=\"font-weight: 400;\"> Clique para falar diretamente com nossa equipe t\u00e9cnica:<\/span><\/p><p>(31) 91851543<\/p><p><b style=\"font-size: 1rem;\">\u00a0<\/b><\/p><p><b style=\"font-size: 1rem;\"><img decoding=\"async\" class=\"emoji\" role=\"img\" draggable=\"false\" src=\"https:\/\/s.w.org\/images\/core\/emoji\/16.0.1\/svg\/1f4e7.svg\" alt=\"\ud83d\udce7\" \/> E-mail<\/b><span style=\"font-weight: 400;\"><br \/><\/span><\/p><p>\u00a0tecnoil@uol.com.br<\/p><p><b><img decoding=\"async\" class=\"emoji\" role=\"img\" draggable=\"false\" src=\"https:\/\/s.w.org\/images\/core\/emoji\/16.0.1\/svg\/1f4f8.svg\" alt=\"\ud83d\udcf8\" \/> Instagram<\/b><b><br \/><\/b><a href=\"https:\/\/www.instagram.com\/tecno_lubrificantes\/\"><span style=\"font-weight: 400;\"> @tecno_lubrificantes<\/span><\/a><\/p><h2><b>Onde Estamos<\/b><\/h2><p><b><img decoding=\"async\" class=\"emoji\" role=\"img\" draggable=\"false\" src=\"https:\/\/s.w.org\/images\/core\/emoji\/16.0.1\/svg\/1f3ed.svg\" alt=\"\ud83c\udfed\" \/> F\u00e1brica<\/b><b><br \/><\/b> <span style=\"font-weight: 400;\">Rua <\/span><span style=\"font-weight: 400;\">R. Padre Jo\u00e3o Pio<\/span><span style=\"font-weight: 400;\">, n\u00ba 35<\/span><span style=\"font-weight: 400;\"><br \/><\/span><span style=\"font-weight: 400;\"> Bairro s\u00e3o francisco \u2013 Belo Horizonte \/ MG<\/span><span style=\"font-weight: 400;\"><br \/><\/span><span style=\"font-weight: 400;\"> CEP: <\/span><span style=\"font-weight: 400;\">31255-120<\/span><\/p><p><a style=\"background-color: #ffffff; font-size: 1rem;\" href=\"https:\/\/share.google\/ty3I5R81VEjwFTq2J\" target=\"_blank\" rel=\"noopener\">[ Ver no Google Maps]<\/a><\/p><p><b style=\"color: inherit; font-family: inherit; font-size: 2rem;\">Hor\u00e1rio de Atendimento<\/b><\/p><p><span style=\"font-weight: 400;\">Segunda a Sexta-feira \u2013 08h \u00e0s 18:00<\/span><\/p><p><span style=\"font-weight: 400;\">S\u00e1bado e Domingo &#8211;\u00a0 Fechado<\/span><\/p>\t\t\t\t\t\t\t\t<\/div>\n\t\t\t\t<\/div>\n\t\t\t\t\t<\/div>\n\t\t\t\t<\/div>\n\t\t\t\t<\/div>\n\t\t","protected":false},"excerpt":{"rendered":"<p>Fale Conosco Na Tecno, cada cliente \u00e9 uma prioridade. Nossa equipe est\u00e1 pronta para esclarecer d\u00favidas, indicar o produto ideal e oferecer suporte t\u00e9cnico para o seu processo produtivo. Escolha o canal de atendimento mais conveniente para voc\u00ea e fale diretamente com quem entende de lubrifica\u00e7\u00e3o e produtos qu\u00edmicos industriais. Entre em Contato Telefone (31) [&hellip;]<\/p>\n","protected":false},"author":1,"featured_media":0,"parent":0,"menu_order":0,"comment_status":"closed","ping_status":"closed","template":"elementor_header_footer","meta":{"_joinchat":[],"footnotes":""},"class_list":["post-1950","page","type-page","status-publish","hentry"],"_links":{"self":[{"href":"https:\/\/tecnolubrificantes.com.br\/index.php?rest_route=\/wp\/v2\/pages\/1950","targetHints":{"allow":["GET"]}}],"collection":[{"href":"https:\/\/tecnolubrificantes.com.br\/index.php?rest_route=\/wp\/v2\/pages"}],"about":[{"href":"https:\/\/tecnolubrificantes.com.br\/index.php?rest_route=\/wp\/v2\/types\/page"}],"author":[{"embeddable":true,"href":"https:\/\/tecnolubrificantes.com.br\/index.php?rest_route=\/wp\/v2\/users\/1"}],"replies":[{"embeddable":true,"href":"https:\/\/tecnolubrificantes.com.br\/index.php?rest_route=%2Fwp%2Fv2%2Fcomments&post=1950"}],"version-history":[{"count":58,"href":"https:\/\/tecnolubrificantes.com.br\/index.php?rest_route=\/wp\/v2\/pages\/1950\/revisions"}],"predecessor-version":[{"id":3074,"href":"https:\/\/tecnolubrificantes.com.br\/index.php?rest_route=\/wp\/v2\/pages\/1950\/revisions\/3074"}],"wp:attachment":[{"href":"https:\/\/tecnolubrificantes.com.br\/index.php?rest_route=%2Fwp%2Fv2%2Fmedia&parent=1950"}],"curies":[{"name":"wp","href":"https:\/\/api.w.org\/{rel}","templated":true}]}}