{"id":1913,"date":"2025-09-10T07:00:58","date_gmt":"2025-09-10T10:00:58","guid":{"rendered":"https:\/\/tecnolubrificantes.com.br\/?page_id=1913"},"modified":"2025-10-29T18:24:42","modified_gmt":"2025-10-29T21:24:42","slug":"produto-tw-hidraulic","status":"publish","type":"page","link":"https:\/\/tecnolubrificantes.com.br\/?page_id=1913","title":{"rendered":"Produto -TW HIDRAULIC"},"content":{"rendered":"\t\t<div data-elementor-type=\"wp-page\" data-elementor-id=\"1913\" class=\"elementor elementor-1913\" data-elementor-post-type=\"page\">\n\t\t\t\t<div class=\"elementor-element elementor-element-34d7fe5 e-flex e-con-boxed e-con e-parent\" data-id=\"34d7fe5\" data-element_type=\"container\" data-e-type=\"container\">\n\t\t\t\t\t<div class=\"e-con-inner\">\n\t\t<div class=\"elementor-element elementor-element-ade0d45 e-con-full e-flex e-con e-child\" data-id=\"ade0d45\" data-element_type=\"container\" data-e-type=\"container\">\n\t\t<div class=\"elementor-element elementor-element-787418f e-con-full e-flex e-con e-child\" data-id=\"787418f\" data-element_type=\"container\" data-e-type=\"container\">\n\t\t<div class=\"elementor-element elementor-element-a87a313 e-con-full e-flex e-con e-child\" data-id=\"a87a313\" data-element_type=\"container\" data-e-type=\"container\">\n\t\t\t\t<div class=\"elementor-element elementor-element-6eb8b4c elementor-widget elementor-widget-heading\" data-id=\"6eb8b4c\" data-element_type=\"widget\" data-e-type=\"widget\" data-widget_type=\"heading.default\">\n\t\t\t\t<div class=\"elementor-widget-container\">\n\t\t\t\t\t<h2 class=\"elementor-heading-title elementor-size-default\">TW HIDRAULIC<\/h2>\t\t\t\t<\/div>\n\t\t\t\t<\/div>\n\t\t\t\t<div class=\"elementor-element elementor-element-c0bd4c1 elementor-widget elementor-widget-text-editor\" data-id=\"c0bd4c1\" data-element_type=\"widget\" data-e-type=\"widget\" data-widget_type=\"text-editor.default\">\n\t\t\t\t<div class=\"elementor-widget-container\">\n\t\t\t\t\t\t\t\t\t<p>\u00d3leo Lubrificante Mineral para Sistemas Hidr\u00e1ulicos e Circulat\u00f3rios<\/p>\t\t\t\t\t\t\t\t<\/div>\n\t\t\t\t<\/div>\n\t\t\t\t<div class=\"elementor-element elementor-element-a525060 elementor-align-justify elementor-widget elementor-widget-button\" data-id=\"a525060\" data-element_type=\"widget\" data-e-type=\"widget\" data-widget_type=\"button.default\">\n\t\t\t\t<div class=\"elementor-widget-container\">\n\t\t\t\t\t\t\t\t\t<div class=\"elementor-button-wrapper\">\n\t\t\t\t\t<a class=\"elementor-button elementor-button-link elementor-size-sm\" href=\"https:\/\/wa.me\/553134925925?text=Ol%C3%A1%2C%20vim%20do%20seu%20Site%20e%20gostaria%20de%20mais%20informa%C3%A7%C3%B5es%2C%20por%20favor\">\n\t\t\t\t\t\t<span class=\"elementor-button-content-wrapper\">\n\t\t\t\t\t\t\t\t\t<span class=\"elementor-button-text\">SOLICITAR OR\u00c7AMENTO<\/span>\n\t\t\t\t\t<\/span>\n\t\t\t\t\t<\/a>\n\t\t\t\t<\/div>\n\t\t\t\t\t\t\t\t<\/div>\n\t\t\t\t<\/div>\n\t\t\t\t<\/div>\n\t\t\t\t<\/div>\n\t\t<div class=\"elementor-element elementor-element-b618953 e-con-full e-flex e-con e-child\" data-id=\"b618953\" data-element_type=\"container\" data-e-type=\"container\">\n\t\t\t\t<div class=\"elementor-element elementor-element-0107884 elementor-widget elementor-widget-image\" data-id=\"0107884\" data-element_type=\"widget\" data-e-type=\"widget\" data-widget_type=\"image.default\">\n\t\t\t\t<div class=\"elementor-widget-container\">\n\t\t\t\t\t\t\t\t\t\t\t\t\t\t\t<img fetchpriority=\"high\" decoding=\"async\" width=\"800\" height=\"800\" src=\"https:\/\/tecnolubrificantes.com.br\/wp-content\/uploads\/2025\/09\/tw-1.png\" class=\"attachment-large size-large wp-image-2729\" alt=\"\" srcset=\"https:\/\/tecnolubrificantes.com.br\/wp-content\/uploads\/2025\/09\/tw-1.png 1024w, https:\/\/tecnolubrificantes.com.br\/wp-content\/uploads\/2025\/09\/tw-1-300x300.png 300w, https:\/\/tecnolubrificantes.com.br\/wp-content\/uploads\/2025\/09\/tw-1-150x150.png 150w, https:\/\/tecnolubrificantes.com.br\/wp-content\/uploads\/2025\/09\/tw-1-768x768.png 768w, https:\/\/tecnolubrificantes.com.br\/wp-content\/uploads\/2025\/09\/tw-1-600x600.png 600w, https:\/\/tecnolubrificantes.com.br\/wp-content\/uploads\/2025\/09\/tw-1-100x100.png 100w\" sizes=\"(max-width: 800px) 100vw, 800px\" \/>\t\t\t\t\t\t\t\t\t\t\t\t\t\t\t<\/div>\n\t\t\t\t<\/div>\n\t\t\t\t<\/div>\n\t\t\t\t<\/div>\n\t\t<div class=\"elementor-element elementor-element-2cbd7d4 e-con-full e-flex e-con e-child\" data-id=\"2cbd7d4\" data-element_type=\"container\" data-e-type=\"container\">\n\t\t\t\t<div class=\"elementor-element elementor-element-f4f8d16 elementor-widget-divider--view-line elementor-widget elementor-widget-divider\" data-id=\"f4f8d16\" data-element_type=\"widget\" data-e-type=\"widget\" data-widget_type=\"divider.default\">\n\t\t\t\t<div class=\"elementor-widget-container\">\n\t\t\t\t\t\t\t<div class=\"elementor-divider\">\n\t\t\t<span class=\"elementor-divider-separator\">\n\t\t\t\t\t\t<\/span>\n\t\t<\/div>\n\t\t\t\t\t\t<\/div>\n\t\t\t\t<\/div>\n\t\t\t\t<\/div>\n\t\t<div class=\"elementor-element elementor-element-f7d9232 e-con-full e-flex e-con e-child\" data-id=\"f7d9232\" data-element_type=\"container\" data-e-type=\"container\">\n\t\t\t\t<div class=\"elementor-element elementor-element-737ed1a elementor-widget elementor-widget-heading\" data-id=\"737ed1a\" data-element_type=\"widget\" data-e-type=\"widget\" data-widget_type=\"heading.default\">\n\t\t\t\t<div class=\"elementor-widget-container\">\n\t\t\t\t\t<h2 class=\"elementor-heading-title elementor-size-default\">Por que usar TW HIDRAULIC<\/h2>\t\t\t\t<\/div>\n\t\t\t\t<\/div>\n\t\t\t\t<div class=\"elementor-element elementor-element-ba7b243 elementor-widget elementor-widget-text-editor\" data-id=\"ba7b243\" data-element_type=\"widget\" data-e-type=\"widget\" data-widget_type=\"text-editor.default\">\n\t\t\t\t<div class=\"elementor-widget-container\">\n\t\t\t\t\t\t\t\t\t<p dir=\"ltr\" style=\"line-height: 1.38; margin-top: 12pt; margin-bottom: 12pt;\"><span style=\"font-size: 12pt; font-family: Arial,sans-serif; color: #000000; background-color: transparent; font-weight: 400; font-style: normal; font-variant: normal; text-decoration: none; vertical-align: baseline; white-space: pre-wrap;\">Em sistemas hidr\u00e1ulicos e circulat\u00f3rios, a falha na lubrifica\u00e7\u00e3o pode gerar aumento de atrito, superaquecimento e desgaste acelerado de componentes \u2014 resultando em paradas n\u00e3o programadas, altos custos de manuten\u00e7\u00e3o e perda de produtividade.\u00a0<\/span><\/p><p><span id=\"docs-internal-guid-5c826936-7fff-a9be-94ba-1266163343fb\"><span style=\"font-size: 12pt; font-family: Arial, sans-serif; color: #000000; background-color: transparent; font-weight: bold; font-variant-numeric: normal; font-variant-east-asian: normal; font-variant-alternates: normal; font-variant-position: normal; font-variant-emoji: normal; vertical-align: baseline; white-space-collapse: preserve;\">TW HIDRAULIC<\/span><span style=\"font-size: 12pt; font-family: Arial, sans-serif; color: #000000; background-color: transparent; font-variant-numeric: normal; font-variant-east-asian: normal; font-variant-alternates: normal; font-variant-position: normal; font-variant-emoji: normal; vertical-align: baseline; white-space-collapse: preserve;\"> foi desenvolvido para entregar <\/span><span style=\"font-size: 12pt; font-family: Arial, sans-serif; color: #000000; background-color: transparent; font-weight: bold; font-variant-numeric: normal; font-variant-east-asian: normal; font-variant-alternates: normal; font-variant-position: normal; font-variant-emoji: normal; vertical-align: baseline; white-space-collapse: preserve;\">lubrifica\u00e7\u00e3o est\u00e1vel, prote\u00e7\u00e3o contra desgaste e opera\u00e7\u00e3o confi\u00e1vel<\/span><span style=\"font-size: 12pt; font-family: Arial, sans-serif; color: #000000; background-color: transparent; font-variant-numeric: normal; font-variant-east-asian: normal; font-variant-alternates: normal; font-variant-position: normal; font-variant-emoji: normal; vertical-align: baseline; white-space-collapse: preserve;\">, mesmo sob condi\u00e7\u00f5es severas.<\/span><\/span><\/p>\t\t\t\t\t\t\t\t<\/div>\n\t\t\t\t<\/div>\n\t\t\t\t<\/div>\n\t\t<div class=\"elementor-element elementor-element-83567e7 e-con-full e-flex e-con e-child\" data-id=\"83567e7\" data-element_type=\"container\" data-e-type=\"container\">\n\t\t\t\t<div class=\"elementor-element elementor-element-a1c519d elementor-widget elementor-widget-text-editor\" data-id=\"a1c519d\" data-element_type=\"widget\" data-e-type=\"widget\" data-widget_type=\"text-editor.default\">\n\t\t\t\t<div class=\"elementor-widget-container\">\n\t\t\t\t\t\t\t\t\t<ul><li>Prote\u00e7\u00e3o contra desgaste: forma uma pel\u00edcula lubrificante eficiente, reduzindo atrito em mancais e superf\u00edcies de deslizamento.<\/li><\/ul><p>\u00a0<\/p><ul><li>Estabilidade t\u00e9rmica e oxidativa: mant\u00e9m viscosidade est\u00e1vel e performance consistente mesmo sob varia\u00e7\u00f5es de temperatura.<\/li><\/ul><p>\u00a0<\/p><ul><li>Compatibilidade com sistemas modernos: indicado para prensas, injetoras, sopradores e aplica\u00e7\u00f5es industriais que exigem alta confiabilidade.<\/li><\/ul><p>\u00a0<\/p><ul><li>Redu\u00e7\u00e3o de custos de manuten\u00e7\u00e3o: minimiza falhas prematuras e aumenta a vida \u00fatil dos componentes.<\/li><\/ul><div>\u00a0<\/div>\t\t\t\t\t\t\t\t<\/div>\n\t\t\t\t<\/div>\n\t\t\t\t<div class=\"elementor-element elementor-element-76ff6a6 elementor-widget-divider--view-line elementor-widget elementor-widget-divider\" data-id=\"76ff6a6\" data-element_type=\"widget\" data-e-type=\"widget\" data-widget_type=\"divider.default\">\n\t\t\t\t<div class=\"elementor-widget-container\">\n\t\t\t\t\t\t\t<div class=\"elementor-divider\">\n\t\t\t<span class=\"elementor-divider-separator\">\n\t\t\t\t\t\t<\/span>\n\t\t<\/div>\n\t\t\t\t\t\t<\/div>\n\t\t\t\t<\/div>\n\t\t\t\t<\/div>\n\t\t\t\t\t<\/div>\n\t\t\t\t<\/div>\n\t\t<div class=\"elementor-element elementor-element-6b9e42b e-flex e-con-boxed e-con e-parent\" data-id=\"6b9e42b\" data-element_type=\"container\" data-e-type=\"container\">\n\t\t\t\t\t<div class=\"e-con-inner\">\n\t\t\t\t<div class=\"elementor-element elementor-element-aff8ce7 elementor-widget elementor-widget-heading\" data-id=\"aff8ce7\" data-element_type=\"widget\" data-e-type=\"widget\" data-widget_type=\"heading.default\">\n\t\t\t\t<div class=\"elementor-widget-container\">\n\t\t\t\t\t<h2 class=\"elementor-heading-title elementor-size-default\">Por que usar TW HIDRAULIC<\/h2>\t\t\t\t<\/div>\n\t\t\t\t<\/div>\n\t\t\t\t<div class=\"elementor-element elementor-element-83ee1fc elementor-widget elementor-widget-text-editor\" data-id=\"83ee1fc\" data-element_type=\"widget\" data-e-type=\"widget\" data-widget_type=\"text-editor.default\">\n\t\t\t\t<div class=\"elementor-widget-container\">\n\t\t\t\t\t\t\t\t\t<p><strong>Ideal para uso em:<\/strong><\/p><p>\u00a0<\/p><ul><li>Sistemas circulat\u00f3rios e hidr\u00e1ulicos industriais.<\/li><\/ul><p>\u00a0<\/p><ul><li>Mancais de deslizamento.<\/li><\/ul><p>\u00a0<\/p><ul><li>Prensas, injetoras, sopradores e outros equipamentos que dependem de lubrifica\u00e7\u00e3o cont\u00ednua.<\/li><\/ul>\t\t\t\t\t\t\t\t<\/div>\n\t\t\t\t<\/div>\n\t\t\t\t\t<\/div>\n\t\t\t\t<\/div>\n\t\t<div class=\"elementor-element elementor-element-a9249e4 e-flex e-con-boxed e-con e-parent\" data-id=\"a9249e4\" data-element_type=\"container\" data-e-type=\"container\">\n\t\t\t\t\t<div class=\"e-con-inner\">\n\t\t\t\t<div class=\"elementor-element elementor-element-d07bcf0 elementor-widget-divider--view-line elementor-widget elementor-widget-divider\" data-id=\"d07bcf0\" data-element_type=\"widget\" data-e-type=\"widget\" data-widget_type=\"divider.default\">\n\t\t\t\t<div class=\"elementor-widget-container\">\n\t\t\t\t\t\t\t<div class=\"elementor-divider\">\n\t\t\t<span class=\"elementor-divider-separator\">\n\t\t\t\t\t\t<\/span>\n\t\t<\/div>\n\t\t\t\t\t\t<\/div>\n\t\t\t\t<\/div>\n\t\t\t\t<div class=\"elementor-element elementor-element-1a24ef8 elementor-widget elementor-widget-heading\" data-id=\"1a24ef8\" data-element_type=\"widget\" data-e-type=\"widget\" data-widget_type=\"heading.default\">\n\t\t\t\t<div class=\"elementor-widget-container\">\n\t\t\t\t\t<h2 class=\"elementor-heading-title elementor-size-default\">Especifica\u00e7\u00f5es T\u00e9cnicas<\/h2>\t\t\t\t<\/div>\n\t\t\t\t<\/div>\n\t\t\t\t<div class=\"elementor-element elementor-element-ca7e64f elementor-widget elementor-widget-text-editor\" data-id=\"ca7e64f\" data-element_type=\"widget\" data-e-type=\"widget\" data-widget_type=\"text-editor.default\">\n\t\t\t\t<div class=\"elementor-widget-container\">\n\t\t\t\t\t\t\t\t\t<ul><li><b>Base: \u00f3leo mineral.<\/b><\/li><\/ul><p>\u00a0<\/p><ul><li><b>Varia\u00e7\u00f5es de viscosidade: ISO VG 32, 46, 68, 100 e 150.<\/b><\/li><\/ul><p>\u00a0<\/p><ul><li><b>Norma atendida: DIN 51 524 PART 2 (categoria HLP).<\/b><\/li><\/ul><p>\u00a0<\/p><ul><li><b>Registro: ANP 17921.<\/b><\/li><\/ul>\t\t\t\t\t\t\t\t<\/div>\n\t\t\t\t<\/div>\n\t\t\t\t<div class=\"elementor-element elementor-element-1e88260 elementor-widget-divider--view-line elementor-widget elementor-widget-divider\" data-id=\"1e88260\" data-element_type=\"widget\" data-e-type=\"widget\" data-widget_type=\"divider.default\">\n\t\t\t\t<div class=\"elementor-widget-container\">\n\t\t\t\t\t\t\t<div class=\"elementor-divider\">\n\t\t\t<span class=\"elementor-divider-separator\">\n\t\t\t\t\t\t<\/span>\n\t\t<\/div>\n\t\t\t\t\t\t<\/div>\n\t\t\t\t<\/div>\n\t\t\t\t\t<\/div>\n\t\t\t\t<\/div>\n\t\t<div class=\"elementor-element elementor-element-f4c6949 e-flex e-con-boxed e-con e-parent\" data-id=\"f4c6949\" data-element_type=\"container\" data-e-type=\"container\">\n\t\t\t\t\t<div class=\"e-con-inner\">\n\t\t\t\t<div class=\"elementor-element elementor-element-93c4c85 elementor-widget elementor-widget-heading\" data-id=\"93c4c85\" data-element_type=\"widget\" data-e-type=\"widget\" data-widget_type=\"heading.default\">\n\t\t\t\t<div class=\"elementor-widget-container\">\n\t\t\t\t\t<h2 class=\"elementor-heading-title elementor-size-default\">Qualidade e Confiabilidade<\/h2>\t\t\t\t<\/div>\n\t\t\t\t<\/div>\n\t\t\t\t<div class=\"elementor-element elementor-element-b92311b elementor-widget elementor-widget-text-editor\" data-id=\"b92311b\" data-element_type=\"widget\" data-e-type=\"widget\" data-widget_type=\"text-editor.default\">\n\t\t\t\t<div class=\"elementor-widget-container\">\n\t\t\t\t\t\t\t\t\t<p>Produzido sob rigoroso controle de qualidade e em conformidade com normas internacionais, garantindo <strong>seguran\u00e7a, desempenho consistente e rastreabilidade completa.<\/strong><\/p>\t\t\t\t\t\t\t\t<\/div>\n\t\t\t\t<\/div>\n\t\t\t\t<div class=\"elementor-element elementor-element-e49f7fa elementor-widget-divider--view-line elementor-widget elementor-widget-divider\" data-id=\"e49f7fa\" data-element_type=\"widget\" data-e-type=\"widget\" data-widget_type=\"divider.default\">\n\t\t\t\t<div class=\"elementor-widget-container\">\n\t\t\t\t\t\t\t<div class=\"elementor-divider\">\n\t\t\t<span class=\"elementor-divider-separator\">\n\t\t\t\t\t\t<\/span>\n\t\t<\/div>\n\t\t\t\t\t\t<\/div>\n\t\t\t\t<\/div>\n\t\t\t\t\t<\/div>\n\t\t\t\t<\/div>\n\t\t<div class=\"elementor-element elementor-element-79046d8 e-flex e-con-boxed e-con e-parent\" data-id=\"79046d8\" data-element_type=\"container\" data-e-type=\"container\">\n\t\t\t\t\t<div class=\"e-con-inner\">\n\t\t\t\t<div class=\"elementor-element elementor-element-2e5ad8a elementor-widget elementor-widget-heading\" data-id=\"2e5ad8a\" data-element_type=\"widget\" data-e-type=\"widget\" data-widget_type=\"heading.default\">\n\t\t\t\t<div class=\"elementor-widget-container\">\n\t\t\t\t\t<h2 class=\"elementor-heading-title elementor-size-default\">Resultados que Entregamos<\/h2>\t\t\t\t<\/div>\n\t\t\t\t<\/div>\n\t\t\t\t<div class=\"elementor-element elementor-element-518dce0 elementor-widget elementor-widget-text-editor\" data-id=\"518dce0\" data-element_type=\"widget\" data-e-type=\"widget\" data-widget_type=\"text-editor.default\">\n\t\t\t\t<div class=\"elementor-widget-container\">\n\t\t\t\t\t\t\t\t\t<p>Com TW HIDRAULIC, sua opera\u00e7\u00e3o ganha:<\/p><p>\u00a0<\/p><ul><li><strong>Maior confiabilidade:<\/strong> menos paradas n\u00e3o programadas.<\/li><\/ul><p>\u00a0<\/p><ul><li><strong>Mais produtividade:<\/strong> opera\u00e7\u00e3o cont\u00ednua e est\u00e1vel.<\/li><\/ul><p>\u00a0<\/p><ul><li><strong>Economia real:<\/strong> menor consumo de pe\u00e7as e redu\u00e7\u00e3o de horas de manuten\u00e7\u00e3o.<\/li><\/ul>\t\t\t\t\t\t\t\t<\/div>\n\t\t\t\t<\/div>\n\t\t\t\t\t<\/div>\n\t\t\t\t<\/div>\n\t\t<div class=\"elementor-element elementor-element-67d3be4 e-flex e-con-boxed e-con e-parent\" data-id=\"67d3be4\" data-element_type=\"container\" data-e-type=\"container\">\n\t\t\t\t\t<div class=\"e-con-inner\">\n\t\t\t\t<div class=\"elementor-element elementor-element-7bbb7f9 elementor-widget elementor-widget-heading\" data-id=\"7bbb7f9\" data-element_type=\"widget\" data-e-type=\"widget\" data-widget_type=\"heading.default\">\n\t\t\t\t<div class=\"elementor-widget-container\">\n\t\t\t\t\t<h2 class=\"elementor-heading-title elementor-size-default\">Solicite um or\u00e7amento para encontrar a viscosidade ideal e <br>maior autonomia para o seu sistema hidr\u00e1ulico.<\/h2>\t\t\t\t<\/div>\n\t\t\t\t<\/div>\n\t\t\t\t<div class=\"elementor-element elementor-element-9a28e31 elementor-align-center elementor-widget elementor-widget-button\" data-id=\"9a28e31\" data-element_type=\"widget\" data-e-type=\"widget\" data-widget_type=\"button.default\">\n\t\t\t\t<div class=\"elementor-widget-container\">\n\t\t\t\t\t\t\t\t\t<div class=\"elementor-button-wrapper\">\n\t\t\t\t\t<a class=\"elementor-button elementor-button-link elementor-size-sm\" href=\"https:\/\/wa.me\/553134925925?text=Ol%C3%A1%2C%20vim%20do%20seu%20Site%20e%20gostaria%20de%20mais%20informa%C3%A7%C3%B5es%2C%20por%20favor\">\n\t\t\t\t\t\t<span class=\"elementor-button-content-wrapper\">\n\t\t\t\t\t\t\t\t\t<span class=\"elementor-button-text\">SOLICITAR OR\u00c7AMENTO<\/span>\n\t\t\t\t\t<\/span>\n\t\t\t\t\t<\/a>\n\t\t\t\t<\/div>\n\t\t\t\t\t\t\t\t<\/div>\n\t\t\t\t<\/div>\n\t\t\t\t\t<\/div>\n\t\t\t\t<\/div>\n\t\t\t\t<\/div>\n\t\t","protected":false},"excerpt":{"rendered":"<p>TW HIDRAULIC \u00d3leo Lubrificante Mineral para Sistemas Hidr\u00e1ulicos e Circulat\u00f3rios SOLICITAR OR\u00c7AMENTO Por que usar TW HIDRAULIC Em sistemas hidr\u00e1ulicos e circulat\u00f3rios, a falha na lubrifica\u00e7\u00e3o pode gerar aumento de atrito, superaquecimento e desgaste acelerado de componentes \u2014 resultando em paradas n\u00e3o programadas, altos custos de manuten\u00e7\u00e3o e perda de produtividade.\u00a0 TW HIDRAULIC foi desenvolvido [&hellip;]<\/p>\n","protected":false},"author":1,"featured_media":0,"parent":0,"menu_order":0,"comment_status":"closed","ping_status":"closed","template":"elementor_header_footer","meta":{"_joinchat":[],"footnotes":""},"class_list":["post-1913","page","type-page","status-publish","hentry"],"_links":{"self":[{"href":"https:\/\/tecnolubrificantes.com.br\/index.php?rest_route=\/wp\/v2\/pages\/1913","targetHints":{"allow":["GET"]}}],"collection":[{"href":"https:\/\/tecnolubrificantes.com.br\/index.php?rest_route=\/wp\/v2\/pages"}],"about":[{"href":"https:\/\/tecnolubrificantes.com.br\/index.php?rest_route=\/wp\/v2\/types\/page"}],"author":[{"embeddable":true,"href":"https:\/\/tecnolubrificantes.com.br\/index.php?rest_route=\/wp\/v2\/users\/1"}],"replies":[{"embeddable":true,"href":"https:\/\/tecnolubrificantes.com.br\/index.php?rest_route=%2Fwp%2Fv2%2Fcomments&post=1913"}],"version-history":[{"count":68,"href":"https:\/\/tecnolubrificantes.com.br\/index.php?rest_route=\/wp\/v2\/pages\/1913\/revisions"}],"predecessor-version":[{"id":3062,"href":"https:\/\/tecnolubrificantes.com.br\/index.php?rest_route=\/wp\/v2\/pages\/1913\/revisions\/3062"}],"wp:attachment":[{"href":"https:\/\/tecnolubrificantes.com.br\/index.php?rest_route=%2Fwp%2Fv2%2Fmedia&parent=1913"}],"curies":[{"name":"wp","href":"https:\/\/api.w.org\/{rel}","templated":true}]}}