{"id":19,"date":"2024-04-09T17:51:48","date_gmt":"2024-04-09T20:51:48","guid":{"rendered":"https:\/\/tecnolubrificantes.com.br\/?page_id=19"},"modified":"2025-09-11T17:58:13","modified_gmt":"2025-09-11T20:58:13","slug":"quem-somos","status":"publish","type":"page","link":"https:\/\/tecnolubrificantes.com.br\/?page_id=19","title":{"rendered":"Quem Somos"},"content":{"rendered":"\t\t<div data-elementor-type=\"wp-page\" data-elementor-id=\"19\" class=\"elementor elementor-19\" data-elementor-post-type=\"page\">\n\t\t\t\t<div class=\"elementor-element elementor-element-046fc7c elementor-hidden-mobile e-flex e-con-boxed e-con e-parent\" data-id=\"046fc7c\" data-element_type=\"container\" data-e-type=\"container\" data-settings=\"{&quot;background_background&quot;:&quot;video&quot;,&quot;background_video_link&quot;:&quot;https:\\\/\\\/youtu.be\\\/Qsfc-dnuukM&quot;}\">\n\t\t\t\t\t<div class=\"e-con-inner\">\n\t\t<div class=\"elementor-background-video-container elementor-hidden-mobile\">\n\t\t\t\t\t\t\t<div class=\"elementor-background-video-embed\" role=\"presentation\"><\/div>\n\t\t\t\t\t\t<\/div><div class=\"elementor-element elementor-element-349b693 e-con-full elementor-hidden-mobile e-flex e-con e-child\" data-id=\"349b693\" data-element_type=\"container\" data-e-type=\"container\">\n\t\t\t\t<div class=\"elementor-element elementor-element-292bf57 elementor-widget elementor-widget-heading\" data-id=\"292bf57\" data-element_type=\"widget\" data-e-type=\"widget\" data-widget_type=\"heading.default\">\n\t\t\t\t<div class=\"elementor-widget-container\">\n\t\t\t\t\t<h2 class=\"elementor-heading-title elementor-size-default\">Seja Bem vindo a<br>Tecno Lubrificantes &amp; Qu\u00edmicos<\/h2>\t\t\t\t<\/div>\n\t\t\t\t<\/div>\n\t\t\t\t<\/div>\n\t\t\t\t\t<\/div>\n\t\t\t\t<\/div>\n\t\t<div class=\"elementor-element elementor-element-bfeea18 e-flex e-con-boxed e-con e-parent\" data-id=\"bfeea18\" data-element_type=\"container\" data-e-type=\"container\">\n\t\t\t\t\t<div class=\"e-con-inner\">\n\t\t<div class=\"elementor-element elementor-element-cf8af40 e-con-full e-flex e-con e-child\" data-id=\"cf8af40\" data-element_type=\"container\" data-e-type=\"container\">\n\t\t<div class=\"elementor-element elementor-element-e7d89eb e-con-full e-flex e-con e-child\" data-id=\"e7d89eb\" data-element_type=\"container\" data-e-type=\"container\">\n\t\t<div class=\"elementor-element elementor-element-44b1d99 e-con-full e-flex e-con e-child\" data-id=\"44b1d99\" data-element_type=\"container\" data-e-type=\"container\">\n\t\t<div class=\"elementor-element elementor-element-439df6c e-con-full e-flex e-con e-child\" data-id=\"439df6c\" data-element_type=\"container\" data-e-type=\"container\">\n\t\t\t\t<div class=\"elementor-element elementor-element-f3beb7e elementor-widget elementor-widget-heading\" data-id=\"f3beb7e\" data-element_type=\"widget\" data-e-type=\"widget\" data-widget_type=\"heading.default\">\n\t\t\t\t<div class=\"elementor-widget-container\">\n\t\t\t\t\t<h2 class=\"elementor-heading-title elementor-size-default\">Sobre a Tecno Ind\u00fasdria<\/h2>\t\t\t\t<\/div>\n\t\t\t\t<\/div>\n\t\t\t\t<div class=\"elementor-element elementor-element-61c2fda elementor-widget-divider--view-line elementor-widget elementor-widget-divider\" data-id=\"61c2fda\" data-element_type=\"widget\" data-e-type=\"widget\" data-widget_type=\"divider.default\">\n\t\t\t\t<div class=\"elementor-widget-container\">\n\t\t\t\t\t\t\t<div class=\"elementor-divider\">\n\t\t\t<span class=\"elementor-divider-separator\">\n\t\t\t\t\t\t<\/span>\n\t\t<\/div>\n\t\t\t\t\t\t<\/div>\n\t\t\t\t<\/div>\n\t\t\t\t<div class=\"elementor-element elementor-element-a13c386 elementor-widget elementor-widget-text-editor\" data-id=\"a13c386\" data-element_type=\"widget\" data-e-type=\"widget\" data-widget_type=\"text-editor.default\">\n\t\t\t\t<div class=\"elementor-widget-container\">\n\t\t\t\t\t\t\t\t\t<p dir=\"ltr\" style=\"line-height: 1.38; margin-top: 0pt; margin-bottom: 0pt;\"><span style=\"font-size: 12pt; font-family: Arial,sans-serif; color: #000000; background-color: transparent; font-weight: 400; font-style: normal; font-variant: normal; text-decoration: none; vertical-align: baseline; white-space: pre-wrap;\">Fundada em 12 de janeiro de 1993, a Tecno Ind\u00fastria e Com\u00e9rcio Ltda. atua h\u00e1 mais de tr\u00eas d\u00e9cadas no mercado industrial, oferecendo solu\u00e7\u00f5es qu\u00edmicas e lubrificantes que garantem alto desempenho com baixo custo operacional. Nosso portf\u00f3lio inclui lubrificantes industriais, \u00f3leos hidr\u00e1ulicos, graxas especiais e protetivos, al\u00e9m de fluidos de corte para usinagem em tornos, fresas, ret\u00edficas e CNC.\u00a0<\/span><\/p><p><b id=\"docs-internal-guid-bd5132f3-7fff-6df6-e809-2c56e9148f3c\" style=\"font-weight: normal;\">\u00a0<\/b><\/p><p dir=\"ltr\" style=\"line-height: 1.38; margin-top: 0pt; margin-bottom: 0pt;\"><span style=\"font-size: 12pt; font-family: Arial,sans-serif; color: #000000; background-color: transparent; font-weight: 400; font-style: normal; font-variant: normal; text-decoration: none; vertical-align: baseline; white-space: pre-wrap;\">Tamb\u00e9m fornecemos uma linha automotiva completa, com \u00f3leos como TAG OIL 20W50, 5W30 e 15W40, e produtos como TECNO OIL D, TECNOIL GEAR e TECNO TMS 80W90, al\u00e9m de solu\u00e7\u00f5es qu\u00edmicas para limpeza e conserva\u00e7\u00e3o de m\u00e1quinas, pisos e ambientes industriais.<\/span><\/p><p><b style=\"font-weight: normal;\">\u00a0<\/b><\/p><p dir=\"ltr\" style=\"line-height: 1.38; margin-top: 0pt; margin-bottom: 0pt;\"><span style=\"font-size: 12pt; font-family: Arial,sans-serif; color: #000000; background-color: transparent; font-weight: 400; font-style: normal; font-variant: normal; text-decoration: none; vertical-align: baseline; white-space: pre-wrap;\">Com estoque pr\u00f3prio e frota dedicada, garantimos agilidade no fornecimento. Oferecemos acompanhamento t\u00e9cnico peri\u00f3dico para assegurar a performance ideal de cada produto e desenvolvemos formula\u00e7\u00f5es sob medida para necessidades espec\u00edficas.\u00a0<\/span><\/p><p><b style=\"font-weight: normal;\">\u00a0<\/b><\/p><p dir=\"ltr\" style=\"line-height: 1.38; margin-top: 0pt; margin-bottom: 0pt;\"><span style=\"font-size: 12pt; font-family: Arial,sans-serif; color: #000000; background-color: transparent; font-weight: 400; font-style: normal; font-variant: normal; text-decoration: none; vertical-align: baseline; white-space: pre-wrap;\">Atendemos ind\u00fastrias e oficinas em toda a Regi\u00e3o Metropolitana de Belo Horizonte, com frete gratuito para a regi\u00e3o e op\u00e7\u00f5es de entrega em outras regi\u00f5es do Brasil.<\/span><\/p><p dir=\"ltr\" style=\"line-height: 1.38; margin-top: 0pt; margin-bottom: 0pt;\"><span style=\"font-size: 12pt; font-family: Arial,sans-serif; color: #000000; background-color: transparent; font-weight: 400; font-style: normal; font-variant: normal; text-decoration: none; vertical-align: baseline; white-space: pre-wrap;\">Mais do que uma fornecedora, a Tecno \u00e9 parceira no crescimento de seus clientes, entregando confiabilidade, suporte t\u00e9cnico e efici\u00eancia operacional para que cada equipamento produza mais, com maior vida \u00fatil e menor custo de manuten\u00e7\u00e3o.<\/span><\/p>\t\t\t\t\t\t\t\t<\/div>\n\t\t\t\t<\/div>\n\t\t\t\t<\/div>\n\t\t\t\t<\/div>\n\t\t<div class=\"elementor-element elementor-element-99ef561 e-con-full e-flex e-con e-child\" data-id=\"99ef561\" data-element_type=\"container\" data-e-type=\"container\">\n\t\t\t\t<div class=\"elementor-element elementor-element-f3dc8f1 elementor-widget elementor-widget-image\" data-id=\"f3dc8f1\" data-element_type=\"widget\" data-e-type=\"widget\" data-widget_type=\"image.default\">\n\t\t\t\t<div class=\"elementor-widget-container\">\n\t\t\t\t\t\t\t\t\t\t\t\t\t\t\t<img fetchpriority=\"high\" decoding=\"async\" width=\"553\" height=\"506\" src=\"https:\/\/tecnolubrificantes.com.br\/wp-content\/uploads\/2025\/09\/FAIXADA.png\" class=\"attachment-large size-large wp-image-1574\" alt=\"\" srcset=\"https:\/\/tecnolubrificantes.com.br\/wp-content\/uploads\/2025\/09\/FAIXADA.png 553w, https:\/\/tecnolubrificantes.com.br\/wp-content\/uploads\/2025\/09\/FAIXADA-300x275.png 300w\" sizes=\"(max-width: 553px) 100vw, 553px\" \/>\t\t\t\t\t\t\t\t\t\t\t\t\t\t\t<\/div>\n\t\t\t\t<\/div>\n\t\t<div class=\"elementor-element elementor-element-e962f10 e-con-full e-flex e-con e-child\" data-id=\"e962f10\" data-element_type=\"container\" data-e-type=\"container\">\n\t\t\t\t<div class=\"elementor-element elementor-element-643296f elementor-widget elementor-widget-image\" data-id=\"643296f\" data-element_type=\"widget\" data-e-type=\"widget\" data-widget_type=\"image.default\">\n\t\t\t\t<div class=\"elementor-widget-container\">\n\t\t\t\t\t\t\t\t\t\t\t\t\t\t\t<img decoding=\"async\" width=\"553\" height=\"506\" src=\"https:\/\/tecnolubrificantes.com.br\/wp-content\/uploads\/2025\/09\/PRODUTOS.png\" class=\"attachment-large size-large wp-image-1573\" alt=\"\" srcset=\"https:\/\/tecnolubrificantes.com.br\/wp-content\/uploads\/2025\/09\/PRODUTOS.png 553w, https:\/\/tecnolubrificantes.com.br\/wp-content\/uploads\/2025\/09\/PRODUTOS-300x275.png 300w\" sizes=\"(max-width: 553px) 100vw, 553px\" \/>\t\t\t\t\t\t\t\t\t\t\t\t\t\t\t<\/div>\n\t\t\t\t<\/div>\n\t\t\t\t<\/div>\n\t\t\t\t<\/div>\n\t\t\t\t<\/div>\n\t\t\t\t<\/div>\n\t\t\t\t\t<\/div>\n\t\t\t\t<\/div>\n\t\t\t\t<\/div>\n\t\t","protected":false},"excerpt":{"rendered":"<p>Seja Bem vindo aTecno Lubrificantes &amp; Qu\u00edmicos Sobre a Tecno Ind\u00fasdria Fundada em 12 de janeiro de 1993, a Tecno Ind\u00fastria e Com\u00e9rcio Ltda. atua h\u00e1 mais de tr\u00eas d\u00e9cadas no mercado industrial, oferecendo solu\u00e7\u00f5es qu\u00edmicas e lubrificantes que garantem alto desempenho com baixo custo operacional. Nosso portf\u00f3lio inclui lubrificantes industriais, \u00f3leos hidr\u00e1ulicos, graxas especiais [&hellip;]<\/p>\n","protected":false},"author":1,"featured_media":0,"parent":0,"menu_order":0,"comment_status":"closed","ping_status":"closed","template":"elementor_header_footer","meta":{"_joinchat":[],"footnotes":""},"class_list":["post-19","page","type-page","status-publish","hentry"],"_links":{"self":[{"href":"https:\/\/tecnolubrificantes.com.br\/index.php?rest_route=\/wp\/v2\/pages\/19","targetHints":{"allow":["GET"]}}],"collection":[{"href":"https:\/\/tecnolubrificantes.com.br\/index.php?rest_route=\/wp\/v2\/pages"}],"about":[{"href":"https:\/\/tecnolubrificantes.com.br\/index.php?rest_route=\/wp\/v2\/types\/page"}],"author":[{"embeddable":true,"href":"https:\/\/tecnolubrificantes.com.br\/index.php?rest_route=\/wp\/v2\/users\/1"}],"replies":[{"embeddable":true,"href":"https:\/\/tecnolubrificantes.com.br\/index.php?rest_route=%2Fwp%2Fv2%2Fcomments&post=19"}],"version-history":[{"count":32,"href":"https:\/\/tecnolubrificantes.com.br\/index.php?rest_route=\/wp\/v2\/pages\/19\/revisions"}],"predecessor-version":[{"id":2450,"href":"https:\/\/tecnolubrificantes.com.br\/index.php?rest_route=\/wp\/v2\/pages\/19\/revisions\/2450"}],"wp:attachment":[{"href":"https:\/\/tecnolubrificantes.com.br\/index.php?rest_route=%2Fwp%2Fv2%2Fmedia&parent=19"}],"curies":[{"name":"wp","href":"https:\/\/api.w.org\/{rel}","templated":true}]}}